{"id":7390,"date":"2026-04-02T19:23:54","date_gmt":"2026-04-02T16:23:54","guid":{"rendered":"https:\/\/lamerdanismanlik.com\/?page_id=7390"},"modified":"2026-04-02T19:25:24","modified_gmt":"2026-04-02T16:25:24","slug":"yakinda-yayindayiz","status":"publish","type":"page","link":"https:\/\/lamerdanismanlik.com\/en","title":{"rendered":"Yak\u0131nda Yay\u0131nday\u0131z"},"content":{"rendered":"<div data-elementor-type=\"wp-page\" data-elementor-id=\"7390\" class=\"elementor elementor-7390\" data-elementor-post-type=\"page\">\n\t\t\t\t<div class=\"elementor-element elementor-element-66dfa62 e-flex e-con-boxed e-con e-parent\" data-id=\"66dfa62\" data-element_type=\"container\">\n\t\t\t\t\t<div class=\"e-con-inner\">\n\t\t<div class=\"elementor-element elementor-element-11b1834 e-con-full e-flex e-con e-child\" data-id=\"11b1834\" data-element_type=\"container\">\n\t\t\t\t<div class=\"elementor-element elementor-element-213a8e6 elementor-widget__width-inherit elementor-widget elementor-widget-heading\" data-id=\"213a8e6\" data-element_type=\"widget\" data-widget_type=\"heading.default\">\n\t\t\t\t<div class=\"elementor-widget-container\">\n\t\t\t\t\t<h1 class=\"elementor-heading-title elementor-size-default\">Yenileniyoruz...<\/h1>\t\t\t\t<\/div>\n\t\t\t\t<\/div>\n\t\t\t\t<div class=\"elementor-element elementor-element-01bf1f6 elementor-widget elementor-widget-text-editor\" data-id=\"01bf1f6\" data-element_type=\"widget\" data-widget_type=\"text-editor.default\">\n\t\t\t\t<div class=\"elementor-widget-container\">\n\t\t\t\t\t\t\t\t\t<p>\u00c7ok yak\u0131nda yay\u0131nday\u0131z<\/p>\t\t\t\t\t\t\t\t<\/div>\n\t\t\t\t<\/div>\n\t\t\t\t<\/div>\n\t\t<div class=\"elementor-element elementor-element-b330bc8 e-con-full e-flex e-con e-child\" data-id=\"b330bc8\" data-element_type=\"container\" data-settings=\"{&quot;background_background&quot;:&quot;classic&quot;}\">\n\t\t\t\t<div class=\"elementor-element elementor-element-8aa95c2 elementor-widget elementor-widget-image\" data-id=\"8aa95c2\" data-element_type=\"widget\" data-widget_type=\"image.default\">\n\t\t\t\t<div class=\"elementor-widget-container\">\n\t\t\t\t\t\t\t\t\t\t\t\t\t\t\t<img decoding=\"async\" width=\"300\" height=\"126\" src=\"https:\/\/lamerdanismanlik.com\/wp-content\/uploads\/2023\/11\/logo.png\" class=\"attachment-large size-large wp-image-1378\" alt=\"Lamer Consulting, Patient Caregiver, Babysitter, House Helper\" \/>\t\t\t\t\t\t\t\t\t\t\t\t\t\t\t<\/div>\n\t\t\t\t<\/div>\n\t\t\t\t<\/div>\n\t\t\t\t\t<\/div>\n\t\t\t\t<\/div>\n\t\t\t\t<section class=\"elementor-section elementor-top-section elementor-element elementor-element-65695d63 elementor-section-boxed elementor-section-height-default elementor-section-height-default\" data-id=\"65695d63\" data-element_type=\"section\" id=\"contact_section\">\n\t\t\t\t\t\t<div class=\"elementor-container elementor-column-gap-wide\">\n\t\t\t\t\t<div class=\"elementor-column elementor-col-100 elementor-top-column elementor-element elementor-element-58691bb7\" data-id=\"58691bb7\" data-element_type=\"column\">\n\t\t\t<div class=\"elementor-widget-wrap elementor-element-populated\">\n\t\t\t\t\t\t<div class=\"elementor-element elementor-element-750f87a0 animated-slow elementor-widget__width-initial eael-infobox-icon-bg-shape-none eael-infobox-icon-hover-bg-shape-none elementor-invisible elementor-widget elementor-widget-eael-info-box\" data-id=\"750f87a0\" data-element_type=\"widget\" data-settings=\"{&quot;_animation&quot;:&quot;slideInLeft&quot;,&quot;_animation_delay&quot;:400}\" data-widget_type=\"eael-info-box.default\">\n\t\t\t\t<div class=\"elementor-widget-container\">\n\t\t\t\t\t        <div class=\"eael-infobox icon-on-left\">\n\t            <div class=\"infobox-icon eael-icon-only\">\n\n            \n                            <div class=\"infobox-icon-wrap\">\n                    <svg aria-hidden=\"true\" class=\"e-font-icon-svg e-fas-phone-alt\" viewbox=\"0 0 512 512\" xmlns=\"http:\/\/www.w3.org\/2000\/svg\"><path d=\"M497.39 361.8l-112-48a24 24 0 0 0-28 6.9l-49.6 60.6A370.66 370.66 0 0 1 130.6 204.11l60.6-49.6a23.94 23.94 0 0 0 6.9-28l-48-112A24.16 24.16 0 0 0 122.6.61l-104 24A24 24 0 0 0 0 48c0 256.5 207.9 464 464 464a24 24 0 0 0 23.4-18.6l24-104a24.29 24.29 0 0 0-14.01-27.6z\"><\/path><\/svg>                <\/div>\n            \n            \n        <\/div>\n            <div class=\"infobox-content eael-icon-only\">\n                    <div class=\"infobox-title-section\">\n                <h6 class=\"title\">Our Phones<\/h6>            <\/div>\n            <div><p><a href=\"tel:+90-212-213-2423\">+90 212 213 2423<\/a><\/p><p><a href=\"tel:+90-532-204-3168\">+90 532 204 3168<\/a><\/p><\/div>        <\/div>\n            <\/div>\n\n\t\t\t\t\t\t<\/div>\n\t\t\t\t<\/div>\n\t\t\t\t<div class=\"elementor-element elementor-element-5e01393c animated-slow elementor-widget__width-initial eael-infobox-icon-bg-shape-none eael-infobox-icon-hover-bg-shape-none elementor-invisible elementor-widget elementor-widget-eael-info-box\" data-id=\"5e01393c\" data-element_type=\"widget\" data-settings=\"{&quot;_animation&quot;:&quot;slideInUp&quot;,&quot;_animation_delay&quot;:600}\" data-widget_type=\"eael-info-box.default\">\n\t\t\t\t<div class=\"elementor-widget-container\">\n\t\t\t\t\t        <div class=\"eael-infobox icon-on-left\">\n\t            <div class=\"infobox-icon eael-icon-only\">\n\n            \n                            <div class=\"infobox-icon-wrap\">\n                    <svg aria-hidden=\"true\" class=\"e-font-icon-svg e-fas-envelope-open-text\" viewbox=\"0 0 512 512\" xmlns=\"http:\/\/www.w3.org\/2000\/svg\"><path d=\"M176 216h160c8.84 0 16-7.16 16-16v-16c0-8.84-7.16-16-16-16H176c-8.84 0-16 7.16-16 16v16c0 8.84 7.16 16 16 16zm-16 80c0 8.84 7.16 16 16 16h160c8.84 0 16-7.16 16-16v-16c0-8.84-7.16-16-16-16H176c-8.84 0-16 7.16-16 16v16zm96 121.13c-16.42 0-32.84-5.06-46.86-15.19L0 250.86V464c0 26.51 21.49 48 48 48h416c26.51 0 48-21.49 48-48V250.86L302.86 401.94c-14.02 10.12-30.44 15.19-46.86 15.19zm237.61-254.18c-8.85-6.94-17.24-13.47-29.61-22.81V96c0-26.51-21.49-48-48-48h-77.55c-3.04-2.2-5.87-4.26-9.04-6.56C312.6 29.17 279.2-.35 256 0c-23.2-.35-56.59 29.17-73.41 41.44-3.17 2.3-6 4.36-9.04 6.56H96c-26.51 0-48 21.49-48 48v44.14c-12.37 9.33-20.76 15.87-29.61 22.81A47.995 47.995 0 0 0 0 200.72v10.65l96 69.35V96h320v184.72l96-69.35v-10.65c0-14.74-6.78-28.67-18.39-37.77z\"><\/path><\/svg>                <\/div>\n            \n            \n        <\/div>\n            <div class=\"infobox-content eael-icon-only\">\n                    <div class=\"infobox-title-section\">\n                <h6 class=\"title\">Our Email Address<\/h6>            <\/div>\n            <div><p><a href=\"mailto:info@lamerdanismanlik.com\">info@lamerdanismanlik.com<\/a><\/p><\/div>        <\/div>\n            <\/div>\n\n\t\t\t\t\t\t<\/div>\n\t\t\t\t<\/div>\n\t\t\t\t<div class=\"elementor-element elementor-element-43de9fb animated-slow elementor-widget__width-initial eael-infobox-icon-bg-shape-none eael-infobox-icon-hover-bg-shape-none elementor-invisible elementor-widget elementor-widget-eael-info-box\" data-id=\"43de9fb\" data-element_type=\"widget\" data-settings=\"{&quot;_animation&quot;:&quot;slideInRight&quot;,&quot;_animation_delay&quot;:200}\" data-widget_type=\"eael-info-box.default\">\n\t\t\t\t<div class=\"elementor-widget-container\">\n\t\t\t\t\t        <div class=\"eael-infobox icon-on-left\">\n\t            <div class=\"infobox-icon eael-icon-only\">\n\n            \n                            <div class=\"infobox-icon-wrap\">\n                    <svg aria-hidden=\"true\" class=\"e-font-icon-svg e-fas-home\" viewbox=\"0 0 576 512\" xmlns=\"http:\/\/www.w3.org\/2000\/svg\"><path d=\"M280.37 148.26L96 300.11V464a16 16 0 0 0 16 16l112.06-.29a16 16 0 0 0 15.92-16V368a16 16 0 0 1 16-16h64a16 16 0 0 1 16 16v95.64a16 16 0 0 0 16 16.05L464 480a16 16 0 0 0 16-16V300L295.67 148.26a12.19 12.19 0 0 0-15.3 0zM571.6 251.47L488 182.56V44.05a12 12 0 0 0-12-12h-56a12 12 0 0 0-12 12v72.61L318.47 43a48 48 0 0 0-61 0L4.34 251.47a12 12 0 0 0-1.6 16.9l25.5 31A12 12 0 0 0 45.15 301l235.22-193.74a12.19 12.19 0 0 1 15.3 0L530.9 301a12 12 0 0 0 16.9-1.6l25.5-31a12 12 0 0 0-1.7-16.93z\"><\/path><\/svg>                <\/div>\n            \n            \n        <\/div>\n            <div class=\"infobox-content eael-icon-only\">\n                    <div class=\"infobox-title-section\">\n                <h6 class=\"title\">Our Address<\/h6>            <\/div>\n            <div><a href=\"https:\/\/maps.app.goo.gl\/svmhxpA9Ykb4Ra2s5\" target=\"_blank\" rel=\"noopener\">Mecidiyek\u00f6y Mh. Mecidiyek\u00f6y Yolu Cd. Elbir \u0130\u015fhan\u0131 No:6 K: 7 D:4 <br>\u015ei\u015fli\/\u0130stanbul<\/a><\/div>        <\/div>\n            <\/div>\n\n\t\t\t\t\t\t<\/div>\n\t\t\t\t<\/div>\n\t\t\t\t\t<\/div>\n\t\t<\/div>\n\t\t\t\t\t<\/div>\n\t\t<\/section>\n\t\t\t\t<\/div>","protected":false},"excerpt":{"rendered":"<p>Yenileniyoruz&#8230; \u00c7ok yak\u0131nda yay\u0131nday\u0131z Telefonlar\u0131m\u0131z +90 212 213 2423 +90 532 204 3168 Eposta Adresimiz info@lamerdanismanlik.com Adresimiz Mecidiyek\u00f6y Mh. Mecidiyek\u00f6y Yolu Cd. Elbir \u0130\u015fhan\u0131 No:6 K: 7 D:4 \u015ei\u015fli\/\u0130stanbul<\/p>","protected":false},"author":1,"featured_media":0,"parent":0,"menu_order":0,"comment_status":"closed","ping_status":"closed","template":"elementor_canvas","meta":{"footnotes":""},"class_list":["post-7390","page","type-page","status-publish","hentry"],"blocksy_meta":{"page_title_panel":"","has_hero_section":"disabled","fc2fd2d14c9bab8f4ba2f1d71f6fcd09":"","hero_section":"type-1","hero_elements":[{"id":"custom_title","enabled":true,"heading_tag":"h1","title":"Home"},{"id":"custom_description","enabled":true,"description_visibility":{"desktop":true,"tablet":true,"mobile":false}},{"id":"custom_meta","enabled":false,"meta_elements":[{"id":"author","enabled":true,"label":"By","has_author_avatar":"yes","avatar_size":25},{"id":"post_date","enabled":true,"label":"On","date_format_source":"default","date_format":"M j, Y"},{"id":"updated_date","enabled":false,"label":"On","date_format_source":"default","date_format":"M j, Y"},{"id":"categories","enabled":false,"label":"In","style":"simple"},{"id":"comments","enabled":true}],"page_meta_elements":{"joined":true,"articles_count":true,"comments":true}},{"id":"breadcrumbs","enabled":false}],"2170e7bae4a35074f2598ba846416e29":"","hero_alignment1":"CT_CSS_SKIP_RULE","hero_margin":40,"hero_alignment2":"center","hero_vertical_alignment":"center","56810e4feb2e112cc93a230a9e21cbd2":"","hero_structure":"narrow","e91c3c4bc38ef5ef459ec86d43276726":"","page_title_bg_type":"featured_image","custom_hero_background":{"attachment_id":null},"page_title_image_size":"full","parallax":{"desktop":false,"tablet":false,"mobile":false},"b02c60a8fd56cfdd0d9efb5bb783ca8e":"","hero_height":"250px","pageTitleFont":{"family":"Default","variation":"Default","size":"30px","line-height":"CT_CSS_SKIP_RULE","letter-spacing":"CT_CSS_SKIP_RULE","text-transform":"CT_CSS_SKIP_RULE","text-decoration":"CT_CSS_SKIP_RULE"},"pageTitleFontColor":{"default":{"color":"CT_CSS_SKIP_RULEDEFAULT"}},"pageMetaFont":{"family":"Default","variation":"n6","size":"12px","line-height":"1.3","letter-spacing":"CT_CSS_SKIP_RULE","text-transform":"uppercase","text-decoration":"CT_CSS_SKIP_RULE"},"pageMetaFontColor":{"default":{"color":"CT_CSS_SKIP_RULEDEFAULT"},"hover":{"color":"CT_CSS_SKIP_RULEDEFAULT"}},"page_meta_button_type_font_colors":{"default":{"color":"CT_CSS_SKIP_RULEDEFAULT"},"hover":{"color":"CT_CSS_SKIP_RULEDEFAULT"}},"page_meta_button_type_background_colors":{"default":{"color":"CT_CSS_SKIP_RULEDEFAULT"},"hover":{"color":"CT_CSS_SKIP_RULEDEFAULT"}},"pageExcerptFont":{"family":"Default","variation":"Default","size":"CT_CSS_SKIP_RULE","line-height":"CT_CSS_SKIP_RULE","letter-spacing":"CT_CSS_SKIP_RULE","text-transform":"CT_CSS_SKIP_RULE","text-decoration":"CT_CSS_SKIP_RULE"},"pageExcerptColor":{"default":{"color":"CT_CSS_SKIP_RULEDEFAULT"}},"breadcrumbsFont":{"family":"Default","variation":"Default","size":"CT_CSS_SKIP_RULE","line-height":"CT_CSS_SKIP_RULE","letter-spacing":"CT_CSS_SKIP_RULE","text-transform":"CT_CSS_SKIP_RULE","text-decoration":"CT_CSS_SKIP_RULE"},"breadcrumbsFontColor":{"default":{"color":"CT_CSS_SKIP_RULEDEFAULT"},"initial":{"color":"CT_CSS_SKIP_RULEDEFAULT"},"hover":{"color":"CT_CSS_SKIP_RULEDEFAULT"}},"pageTitleOverlay":{"background_type":"color","background_pattern":"type-1","background_image":{"attachment_id":null,"x":0,"y":0},"gradient":"linear-gradient(135deg,rgba(6,147,227,1) 0%,rgb(155,81,224) 100%)","background_repeat":"repeat","background_size":"auto","background_attachment":"scroll","patternColor":{"default":{"color":"#e5e7ea"}},"overlayColor":{"default":{"color":"CT_CSS_SKIP_RULE"}},"backgroundColor":{"default":{"color":"CT_CSS_SKIP_RULE"}}},"pageTitleBackground":{"background_type":"color","background_pattern":"type-1","background_image":{"attachment_id":null,"x":0,"y":0},"gradient":"linear-gradient(135deg,rgba(6,147,227,1) 0%,rgb(155,81,224) 100%)","background_repeat":"repeat","background_size":"auto","background_attachment":"scroll","patternColor":{"default":{"color":"#e5e7ea"}},"overlayColor":{"default":{"color":"CT_CSS_SKIP_RULE"}},"backgroundColor":{"default":{"color":"var(--theme-palette-color-6)"}}},"pageTitlePadding":{"top":"50px","bottom":"50px","left":"auto","right":"auto","linked":true},"99e67e7125c425ca908127ed97031a55":"","page_structure_type":"default","34c42f317f17a8d786d545fc9b00f0ef":"","content_style_source":"inherit","content_style":"wide","vertical_spacing_source":"custom","content_area_spacing":"none","background":{"background_type":"color","background_pattern":"type-1","background_image":{"attachment_id":null,"x":0,"y":0},"gradient":"linear-gradient(135deg,rgba(6,147,227,1) 0%,rgb(155,81,224) 100%)","background_repeat":"repeat","background_size":"auto","background_attachment":"scroll","patternColor":{"default":{"color":"#e5e7ea"}},"overlayColor":{"default":{"color":"CT_CSS_SKIP_RULE"}},"backgroundColor":{"default":{"color":"CT_CSS_SKIP_RULE"}}},"content_background":{"background_type":"color","background_pattern":"type-1","background_image":{"attachment_id":null,"x":0,"y":0},"gradient":"linear-gradient(135deg,rgba(6,147,227,1) 0%,rgb(155,81,224) 100%)","background_repeat":"repeat","background_size":"auto","background_attachment":"scroll","patternColor":{"default":{"color":"#e5e7ea"}},"overlayColor":{"default":{"color":"CT_CSS_SKIP_RULE"}},"backgroundColor":{"default":{"color":"var(--theme-palette-color-8)"}}},"content_boxed_shadow":{"inherit":false,"blur":18,"spread":-6,"v_offset":12,"h_offset":0,"inset":false,"enable":true,"color":{"color":"rgba(34, 56, 101, 0.04)"}},"content_boxed_border":{"width":1,"style":"none","color":{"color":"rgba(44,62,80,0.2)"}},"content_boxed_radius":{"top":"3px","bottom":"3px","left":"3px","right":"3px","linked":true},"boxed_content_spacing":{"desktop":{"top":"40px","bottom":"40px","left":"40px","right":"40px","linked":true},"tablet":{"top":"35px","bottom":"35px","left":"35px","right":"35px","linked":true},"mobile":{"top":"20px","bottom":"20px","left":"20px","right":"20px","linked":true}},"2d6a6c72961377a9a00484a50d06ca88":"","disable_featured_image":"no","disable_share_box":"no","disable_header":"no","disable_footer":"no","styles_descriptor":{"styles":{"desktop":"","tablet":"","mobile":""},"google_fonts":[],"version":6}},"yoast_head":"<!-- This site is optimized with the Yoast SEO Premium plugin v26.4 (Yoast SEO v27.2) - https:\/\/yoast.com\/product\/yoast-seo-premium-wordpress\/ -->\n<title>Bize Ula\u015f\u0131n<\/title>\n<meta name=\"description\" content=\"Deneyimli hasta bak\u0131c\u0131, bebek bak\u0131c\u0131s\u0131, ev yard\u0131mc\u0131lar\u0131 ve di\u011fer hizmetlerimiz ile ilgili bilgi almak i\u00e7in bize ula\u015f\u0131n.\" \/>\n<meta name=\"robots\" content=\"index, follow, max-snippet:-1, max-image-preview:large, max-video-preview:-1\" \/>\n<link rel=\"canonical\" href=\"https:\/\/lamerdanismanlik.com\/en\" \/>\n<meta property=\"og:locale\" content=\"en_US\" \/>\n<meta property=\"og:type\" content=\"article\" \/>\n<meta property=\"og:title\" content=\"Bize Ula\u015f\u0131n\" \/>\n<meta property=\"og:description\" content=\"Deneyimli hasta bak\u0131c\u0131, bebek bak\u0131c\u0131s\u0131, ev yard\u0131mc\u0131lar\u0131 ve di\u011fer hizmetlerimiz ile ilgili bilgi almak i\u00e7in bize ula\u015f\u0131n.\" \/>\n<meta property=\"og:url\" content=\"https:\/\/lamerdanismanlik.com\/en\" \/>\n<meta property=\"og:site_name\" content=\"Hasta Bak\u0131c\u0131 - Bebek Bak\u0131c\u0131s\u0131 - Lamer Dan\u0131\u015fmanl\u0131k\" \/>\n<meta property=\"article:modified_time\" content=\"2026-04-02T16:25:24+00:00\" \/>\n<meta property=\"og:image\" content=\"https:\/\/lamerdanismanlik.com\/wp-content\/uploads\/arforms\/userfiles\/102_280_1701333452549_favicon.png\" \/>\n\t<meta property=\"og:image:width\" content=\"200\" \/>\n\t<meta property=\"og:image:height\" content=\"200\" \/>\n\t<meta property=\"og:image:type\" content=\"image\/png\" \/>\n<meta name=\"twitter:card\" content=\"summary_large_image\" \/>\n<meta name=\"twitter:title\" content=\"Yak\u0131nda Yay\u0131nday\u0131z\" \/>\n<meta name=\"twitter:label1\" content=\"Est. reading time\" \/>\n\t<meta name=\"twitter:data1\" content=\"1 minute\" \/>\n<script type=\"application\/ld+json\" class=\"yoast-schema-graph\">{\"@context\":\"https:\/\/schema.org\",\"@graph\":[{\"@type\":\"WebPage\",\"@id\":\"https:\/\/lamerdanismanlik.com\/\",\"url\":\"https:\/\/lamerdanismanlik.com\/\",\"name\":\"Bize Ula\u015f\u0131n\",\"isPartOf\":{\"@id\":\"https:\/\/lamerdanismanlik.com\/#website\"},\"primaryImageOfPage\":{\"@id\":\"https:\/\/lamerdanismanlik.com\/#primaryimage\"},\"image\":{\"@id\":\"https:\/\/lamerdanismanlik.com\/#primaryimage\"},\"thumbnailUrl\":\"https:\/\/lamerdanismanlik.com\/wp-content\/uploads\/2023\/11\/logo.png\",\"datePublished\":\"2026-04-02T16:23:54+00:00\",\"dateModified\":\"2026-04-02T16:25:24+00:00\",\"description\":\"Deneyimli hasta bak\u0131c\u0131, bebek bak\u0131c\u0131s\u0131, ev yard\u0131mc\u0131lar\u0131 ve di\u011fer hizmetlerimiz ile ilgili bilgi almak i\u00e7in bize ula\u015f\u0131n.\",\"breadcrumb\":{\"@id\":\"https:\/\/lamerdanismanlik.com\/#breadcrumb\"},\"inLanguage\":\"en-US\",\"potentialAction\":[{\"@type\":\"ReadAction\",\"target\":[\"https:\/\/lamerdanismanlik.com\/\"]}]},{\"@type\":\"ImageObject\",\"inLanguage\":\"en-US\",\"@id\":\"https:\/\/lamerdanismanlik.com\/#primaryimage\",\"url\":\"https:\/\/lamerdanismanlik.com\/wp-content\/uploads\/2023\/11\/logo.png\",\"contentUrl\":\"https:\/\/lamerdanismanlik.com\/wp-content\/uploads\/2023\/11\/logo.png\"},{\"@type\":\"BreadcrumbList\",\"@id\":\"https:\/\/lamerdanismanlik.com\/#breadcrumb\",\"itemListElement\":[{\"@type\":\"ListItem\",\"position\":1,\"name\":\"Home\",\"item\":\"https:\/\/lamerdanismanlik.com\/\"},{\"@type\":\"ListItem\",\"position\":2,\"name\":\"Yak\u0131nda Yay\u0131nday\u0131z\"}]},{\"@type\":\"WebSite\",\"@id\":\"https:\/\/lamerdanismanlik.com\/#website\",\"url\":\"https:\/\/lamerdanismanlik.com\/\",\"name\":\"Lamer Dan\u0131\u015fmanl\u0131k\",\"description\":\"Hasta Bak\u0131c\u0131 - Bebek Bak\u0131c\u0131s\u0131 - Lamer Dan\u0131\u015fmanl\u0131k\",\"publisher\":{\"@id\":\"https:\/\/lamerdanismanlik.com\/#organization\"},\"potentialAction\":[{\"@type\":\"SearchAction\",\"target\":{\"@type\":\"EntryPoint\",\"urlTemplate\":\"https:\/\/lamerdanismanlik.com\/?s={search_term_string}\"},\"query-input\":{\"@type\":\"PropertyValueSpecification\",\"valueRequired\":true,\"valueName\":\"search_term_string\"}}],\"inLanguage\":\"en-US\"},{\"@type\":\"Organization\",\"@id\":\"https:\/\/lamerdanismanlik.com\/#organization\",\"name\":\"Lamer Dan\u0131\u015fmanl\u0131k\",\"url\":\"https:\/\/lamerdanismanlik.com\/\",\"logo\":{\"@type\":\"ImageObject\",\"inLanguage\":\"en-US\",\"@id\":\"https:\/\/lamerdanismanlik.com\/#\/schema\/logo\/image\/\",\"url\":\"https:\/\/lamerdanismanlik.com\/wp-content\/uploads\/2023\/11\/logo.png\",\"contentUrl\":\"https:\/\/lamerdanismanlik.com\/wp-content\/uploads\/2023\/11\/logo.png\",\"width\":300,\"height\":126,\"caption\":\"Lamer Dan\u0131\u015fmanl\u0131k\"},\"image\":{\"@id\":\"https:\/\/lamerdanismanlik.com\/#\/schema\/logo\/image\/\"},\"sameAs\":[\"https:\/\/www.instagram.com\/lamerdanismanlik\/\"],\"description\":\"Lamer Dan\u0131\u015fmanl\u0131k olarak, bu g\u00fc\u00e7l\u00fc aile ba\u011flar\u0131ndan ald\u0131\u011f\u0131m\u0131z ilhamla, en de\u011ferli varl\u0131klar\u0131n\u0131z\u0131 i\u00e7iniz rahat emanet edebilece\u011finiz \u00e7al\u0131\u015fanlar\u0131 temin etmek i\u00e7in buraday\u0131z.\",\"email\":\"info@lamerdanismanlik.com\",\"telephone\":\"+90 532 204 3168\",\"legalName\":\"Lamer \u0130nsan Kaynaklar\u0131 ve Dan\u0131\u015fmanl\u0131k A.\u015e.\",\"foundingDate\":\"2023-10-01\",\"taxID\":\"6081700271\",\"numberOfEmployees\":{\"@type\":\"QuantitativeValue\",\"minValue\":\"1\",\"maxValue\":\"10\"}}]}<\/script>\n<!-- \/ Yoast SEO Premium plugin. -->","yoast_head_json":{"title":"Bize Ula\u015f\u0131n","description":"Deneyimli hasta bak\u0131c\u0131, bebek bak\u0131c\u0131s\u0131, ev yard\u0131mc\u0131lar\u0131 ve di\u011fer hizmetlerimiz ile ilgili bilgi almak i\u00e7in bize ula\u015f\u0131n.","robots":{"index":"index","follow":"follow","max-snippet":"max-snippet:-1","max-image-preview":"max-image-preview:large","max-video-preview":"max-video-preview:-1"},"canonical":"https:\/\/lamerdanismanlik.com\/en","og_locale":"en_US","og_type":"article","og_title":"Bize Ula\u015f\u0131n","og_description":"Deneyimli hasta bak\u0131c\u0131, bebek bak\u0131c\u0131s\u0131, ev yard\u0131mc\u0131lar\u0131 ve di\u011fer hizmetlerimiz ile ilgili bilgi almak i\u00e7in bize ula\u015f\u0131n.","og_url":"https:\/\/lamerdanismanlik.com\/en","og_site_name":"Hasta Bak\u0131c\u0131 - Bebek Bak\u0131c\u0131s\u0131 - Lamer Dan\u0131\u015fmanl\u0131k","article_modified_time":"2026-04-02T16:25:24+00:00","og_image":[{"width":200,"height":200,"url":"https:\/\/lamerdanismanlik.com\/wp-content\/uploads\/arforms\/userfiles\/102_280_1701333452549_favicon.png","type":"image\/png"}],"twitter_card":"summary_large_image","twitter_title":"Yak\u0131nda Yay\u0131nday\u0131z","twitter_misc":{"Est. reading time":"1 minute"},"schema":{"@context":"https:\/\/schema.org","@graph":[{"@type":"WebPage","@id":"https:\/\/lamerdanismanlik.com\/","url":"https:\/\/lamerdanismanlik.com\/","name":"Bize Ula\u015f\u0131n","isPartOf":{"@id":"https:\/\/lamerdanismanlik.com\/#website"},"primaryImageOfPage":{"@id":"https:\/\/lamerdanismanlik.com\/#primaryimage"},"image":{"@id":"https:\/\/lamerdanismanlik.com\/#primaryimage"},"thumbnailUrl":"https:\/\/lamerdanismanlik.com\/wp-content\/uploads\/2023\/11\/logo.png","datePublished":"2026-04-02T16:23:54+00:00","dateModified":"2026-04-02T16:25:24+00:00","description":"Deneyimli hasta bak\u0131c\u0131, bebek bak\u0131c\u0131s\u0131, ev yard\u0131mc\u0131lar\u0131 ve di\u011fer hizmetlerimiz ile ilgili bilgi almak i\u00e7in bize ula\u015f\u0131n.","breadcrumb":{"@id":"https:\/\/lamerdanismanlik.com\/#breadcrumb"},"inLanguage":"en-US","potentialAction":[{"@type":"ReadAction","target":["https:\/\/lamerdanismanlik.com\/"]}]},{"@type":"ImageObject","inLanguage":"en-US","@id":"https:\/\/lamerdanismanlik.com\/#primaryimage","url":"https:\/\/lamerdanismanlik.com\/wp-content\/uploads\/2023\/11\/logo.png","contentUrl":"https:\/\/lamerdanismanlik.com\/wp-content\/uploads\/2023\/11\/logo.png"},{"@type":"BreadcrumbList","@id":"https:\/\/lamerdanismanlik.com\/#breadcrumb","itemListElement":[{"@type":"ListItem","position":1,"name":"Home","item":"https:\/\/lamerdanismanlik.com\/"},{"@type":"ListItem","position":2,"name":"Yak\u0131nda Yay\u0131nday\u0131z"}]},{"@type":"WebSite","@id":"https:\/\/lamerdanismanlik.com\/#website","url":"https:\/\/lamerdanismanlik.com\/","name":"Lamer Dan\u0131\u015fmanl\u0131k","description":"Hasta Bak\u0131c\u0131 - Bebek Bak\u0131c\u0131s\u0131 - Lamer Dan\u0131\u015fmanl\u0131k","publisher":{"@id":"https:\/\/lamerdanismanlik.com\/#organization"},"potentialAction":[{"@type":"SearchAction","target":{"@type":"EntryPoint","urlTemplate":"https:\/\/lamerdanismanlik.com\/?s={search_term_string}"},"query-input":{"@type":"PropertyValueSpecification","valueRequired":true,"valueName":"search_term_string"}}],"inLanguage":"en-US"},{"@type":"Organization","@id":"https:\/\/lamerdanismanlik.com\/#organization","name":"Lamer Dan\u0131\u015fmanl\u0131k","url":"https:\/\/lamerdanismanlik.com\/","logo":{"@type":"ImageObject","inLanguage":"en-US","@id":"https:\/\/lamerdanismanlik.com\/#\/schema\/logo\/image\/","url":"https:\/\/lamerdanismanlik.com\/wp-content\/uploads\/2023\/11\/logo.png","contentUrl":"https:\/\/lamerdanismanlik.com\/wp-content\/uploads\/2023\/11\/logo.png","width":300,"height":126,"caption":"Lamer Dan\u0131\u015fmanl\u0131k"},"image":{"@id":"https:\/\/lamerdanismanlik.com\/#\/schema\/logo\/image\/"},"sameAs":["https:\/\/www.instagram.com\/lamerdanismanlik\/"],"description":"Lamer Dan\u0131\u015fmanl\u0131k olarak, bu g\u00fc\u00e7l\u00fc aile ba\u011flar\u0131ndan ald\u0131\u011f\u0131m\u0131z ilhamla, en de\u011ferli varl\u0131klar\u0131n\u0131z\u0131 i\u00e7iniz rahat emanet edebilece\u011finiz \u00e7al\u0131\u015fanlar\u0131 temin etmek i\u00e7in buraday\u0131z.","email":"info@lamerdanismanlik.com","telephone":"+90 532 204 3168","legalName":"Lamer \u0130nsan Kaynaklar\u0131 ve Dan\u0131\u015fmanl\u0131k A.\u015e.","foundingDate":"2023-10-01","taxID":"6081700271","numberOfEmployees":{"@type":"QuantitativeValue","minValue":"1","maxValue":"10"}}]}},"_links":{"self":[{"href":"https:\/\/lamerdanismanlik.com\/en\/wp-json\/wp\/v2\/pages\/7390","targetHints":{"allow":["GET"]}}],"collection":[{"href":"https:\/\/lamerdanismanlik.com\/en\/wp-json\/wp\/v2\/pages"}],"about":[{"href":"https:\/\/lamerdanismanlik.com\/en\/wp-json\/wp\/v2\/types\/page"}],"author":[{"embeddable":true,"href":"https:\/\/lamerdanismanlik.com\/en\/wp-json\/wp\/v2\/users\/1"}],"replies":[{"embeddable":true,"href":"https:\/\/lamerdanismanlik.com\/en\/wp-json\/wp\/v2\/comments?post=7390"}],"version-history":[{"count":7,"href":"https:\/\/lamerdanismanlik.com\/en\/wp-json\/wp\/v2\/pages\/7390\/revisions"}],"predecessor-version":[{"id":7397,"href":"https:\/\/lamerdanismanlik.com\/en\/wp-json\/wp\/v2\/pages\/7390\/revisions\/7397"}],"wp:attachment":[{"href":"https:\/\/lamerdanismanlik.com\/en\/wp-json\/wp\/v2\/media?parent=7390"}],"curies":[{"name":"wp","href":"https:\/\/api.w.org\/{rel}","templated":true}]}}